{"id":1688,"date":"2024-10-20T20:55:42","date_gmt":"2024-10-20T23:55:42","guid":{"rendered":"https:\/\/edit.uta.cl\/disur_prueba\/?page_id=1688"},"modified":"2025-10-16T10:28:35","modified_gmt":"2025-10-16T13:28:35","slug":"objetivos","status":"publish","type":"page","link":"https:\/\/disur.edu.ar\/index.php\/objetivos\/","title":{"rendered":"Objetivos"},"content":{"rendered":"\t\t<div data-elementor-type=\"wp-page\" data-elementor-id=\"1688\" class=\"elementor elementor-1688\" data-elementor-post-type=\"page\">\n\t\t\t\t<div class=\"elementor-element elementor-element-80a99bd e-flex e-con-boxed e-con e-parent\" data-id=\"80a99bd\" data-element_type=\"container\">\n\t\t\t\t\t<div class=\"e-con-inner\">\n\t\t<div class=\"elementor-element elementor-element-a2bc196 e-con-full e-flex e-con e-child\" data-id=\"a2bc196\" data-element_type=\"container\">\n\t\t\t\t<div class=\"elementor-element elementor-element-3c39459 elementor-widget elementor-widget-heading\" data-id=\"3c39459\" data-element_type=\"widget\" data-widget_type=\"heading.default\">\n\t\t\t\t<div class=\"elementor-widget-container\">\n\t\t\t\t\t<h2 class=\"elementor-heading-title elementor-size-default\">Objetivos<\/h2>\t\t\t\t<\/div>\n\t\t\t\t<\/div>\n\t\t\t\t<\/div>\n\t\t<div class=\"elementor-element elementor-element-ccf2eaa e-con-full e-flex e-con e-child\" data-id=\"ccf2eaa\" data-element_type=\"container\">\n\t\t\t\t<div class=\"elementor-element elementor-element-f73f09e elementor-widget elementor-widget-text-editor\" data-id=\"f73f09e\" data-element_type=\"widget\" data-widget_type=\"text-editor.default\">\n\t\t\t\t<div class=\"elementor-widget-container\">\n\t\t\t\t\t\t\t\t\t<p>Es objetivo del<strong> DISUR<\/strong> crear un espacio acad\u00e9mico com\u00fan ampliado, en base a la cooperaci\u00f3n cient\u00edfica, tecnol\u00f3gica, educativa y cultural entre todos sus miembros. Para ello, promueve el fortalecimiento y consolidaci\u00f3n de la Ense\u00f1anza P\u00fablica Superior Universitaria de los Dise\u00f1os a trav\u00e9s de:<\/p>\n<ul>\n<li>La formaci\u00f3n de masa cr\u00edtica en recursos humanos de alto nivel, aprovechando las ventajas comparativas que ofrecen las capacidades instaladas en la regi\u00f3n.<\/li>\n<li>El fomento de investigaci\u00f3n en los Dise\u00f1os, incluidos los procesos de innovaci\u00f3n, adaptaci\u00f3n y transferencia tecnol\u00f3gica, cient\u00edfica, art\u00edstica y cultural en \u00e1reas de inter\u00e9s.<\/li>\n<li>La promoci\u00f3n de las Carreras docentes y el intercambio.<\/li>\n<li>La interacci\u00f3n de sus miembros con la sociedad en su conjunto, difundiendo los avances del conocimiento.<\/li>\n<li>El desarrollo de la integraci\u00f3n del Dise\u00f1o en Nuestra Am\u00e9rica.<\/li>\n<li>Propiciar la vinculaci\u00f3n interinstitucional con organismos p\u00fablicos, privados, del tercer sector, nacionales o internacionales.<\/li>\n<\/ul>\n\t\t\t\t\t\t\t\t<\/div>\n\t\t\t\t<\/div>\n\t\t\t\t<\/div>\n\t\t\t\t\t<\/div>\n\t\t\t\t<\/div>\n\t\t\t\t<\/div>\n\t\t","protected":false},"excerpt":{"rendered":"","protected":false},"author":1,"featured_media":0,"parent":0,"menu_order":0,"comment_status":"closed","ping_status":"closed","template":"","meta":{"footnotes":""},"class_list":["post-1688","page","type-page","status-publish","hentry"],"_links":{"self":[{"href":"https:\/\/disur.edu.ar\/index.php\/wp-json\/wp\/v2\/pages\/1688","targetHints":{"allow":["GET"]}}],"collection":[{"href":"https:\/\/disur.edu.ar\/index.php\/wp-json\/wp\/v2\/pages"}],"about":[{"href":"https:\/\/disur.edu.ar\/index.php\/wp-json\/wp\/v2\/types\/page"}],"author":[{"embeddable":true,"href":"https:\/\/disur.edu.ar\/index.php\/wp-json\/wp\/v2\/users\/1"}],"replies":[{"embeddable":true,"href":"https:\/\/disur.edu.ar\/index.php\/wp-json\/wp\/v2\/comments?post=1688"}],"version-history":[{"count":67,"href":"https:\/\/disur.edu.ar\/index.php\/wp-json\/wp\/v2\/pages\/1688\/revisions"}],"predecessor-version":[{"id":4497,"href":"https:\/\/disur.edu.ar\/index.php\/wp-json\/wp\/v2\/pages\/1688\/revisions\/4497"}],"wp:attachment":[{"href":"https:\/\/disur.edu.ar\/index.php\/wp-json\/wp\/v2\/media?parent=1688"}],"curies":[{"name":"wp","href":"https:\/\/api.w.org\/{rel}","templated":true}]}}